{"id":8,"date":"2024-11-25T19:21:55","date_gmt":"2024-11-25T19:21:55","guid":{"rendered":"https:\/\/desarrollo.stoic-media.com\/dominion\/?page_id=8"},"modified":"2025-04-14T16:58:45","modified_gmt":"2025-04-14T16:58:45","slug":"inicio","status":"publish","type":"page","link":"https:\/\/desarrollo.stoic-media.com\/dominion\/","title":{"rendered":"Inicio"},"content":{"rendered":"\t\t<div data-elementor-type=\"wp-page\" data-elementor-id=\"8\" class=\"elementor elementor-8\" data-elementor-post-type=\"page\">\n\t\t\t\t<div class=\"elementor-element elementor-element-ccd8186 e-flex e-con-boxed e-con e-parent\" data-id=\"ccd8186\" data-element_type=\"container\" id=\"home-slide\" data-settings=\"{&quot;background_background&quot;:&quot;slideshow&quot;,&quot;jet_parallax_layout_list&quot;:[],&quot;background_slideshow_gallery&quot;:[{&quot;id&quot;:40,&quot;url&quot;:&quot;https:\\\/\\\/desarrollo.stoic-media.com\\\/dominion\\\/wp-content\\\/uploads\\\/2024\\\/11\\\/pexels-mikhail-nilov-6968090-scaled.jpg&quot;},{&quot;id&quot;:1174,&quot;url&quot;:&quot;https:\\\/\\\/desarrollo.stoic-media.com\\\/dominion\\\/wp-content\\\/uploads\\\/2025\\\/04\\\/carruselpaginaprincipal2-min-1.jpg&quot;},{&quot;id&quot;:1173,&quot;url&quot;:&quot;https:\\\/\\\/desarrollo.stoic-media.com\\\/dominion\\\/wp-content\\\/uploads\\\/2025\\\/04\\\/carruselprincipal3-min-1.jpg&quot;},{&quot;id&quot;:1172,&quot;url&quot;:&quot;https:\\\/\\\/desarrollo.stoic-media.com\\\/dominion\\\/wp-content\\\/uploads\\\/2025\\\/04\\\/carruselpaginaprincipal1-min-1.jpg&quot;}],&quot;background_slideshow_slide_duration&quot;:5001,&quot;background_slideshow_ken_burns_zoom_direction&quot;:&quot;out&quot;,&quot;background_slideshow_ken_burns&quot;:&quot;yes&quot;,&quot;background_slideshow_loop&quot;:&quot;yes&quot;,&quot;background_slideshow_slide_transition&quot;:&quot;fade&quot;,&quot;background_slideshow_transition_duration&quot;:500}\">\n\t\t\t\t\t<div class=\"e-con-inner\">\n\t\t\t\t<div class=\"elementor-element elementor-element-2fb8405 elementor-invisible elementor-widget elementor-widget-heading\" data-id=\"2fb8405\" data-element_type=\"widget\" data-settings=\"{&quot;_animation&quot;:&quot;fadeInDown&quot;,&quot;_animation_delay&quot;:100}\" data-widget_type=\"heading.default\">\n\t\t\t\t<div class=\"elementor-widget-container\">\n\t\t\t\t\t<h1 class=\"elementor-heading-title elementor-size-default\">Discover Sophisticated <span style=\"font-weight: 700;\">Confort<\/span><\/h1>\t\t\t\t<\/div>\n\t\t\t\t<\/div>\n\t\t\t\t\t<\/div>\n\t\t\t\t<\/div>\n\t\t<div class=\"elementor-element elementor-element-3db0480 elementor-hidden-desktop elementor-hidden-tablet elementor-hidden-mobile e-flex e-con-boxed e-con e-parent\" data-id=\"3db0480\" data-element_type=\"container\" data-settings=\"{&quot;jet_parallax_layout_list&quot;:[]}\">\n\t\t\t\t\t<div class=\"e-con-inner\">\n\t\t\t\t<div class=\"elementor-element elementor-element-6cd3695 elementor-widget elementor-widget-shortcode\" data-id=\"6cd3695\" data-element_type=\"widget\" data-widget_type=\"shortcode.default\">\n\t\t\t\t<div class=\"elementor-widget-container\">\n\t\t\t\t\t\t\t<div class=\"elementor-shortcode\">    <form id=\"reservacion-form\">\n        <div class=\"form-group grupo-huespedes\">\n            <select class=\"form-control\" id=\"numHuespedes\">\n                <option value=\"\" disabled selected>No. de hu\u00e9spedes<\/option>\n                <option value=\"1\">1 Hu\u00e9sped<\/option>\n                <option value=\"2\">2 Hu\u00e9spedes<\/option>\n                <option value=\"3\">3 Hu\u00e9spedes<\/option>\n                <option value=\"4\">4 Hu\u00e9spedes<\/option>\n                <option value=\"5\">5 Hu\u00e9spedes<\/option>\n                <option value=\"6\">6 Hu\u00e9spedes<\/option>\n                <option value=\"7\">7 Hu\u00e9spedes<\/option>\n                <option value=\"8\">8 Hu\u00e9spedes<\/option>\n                <option value=\"9\">9 Hu\u00e9spedes<\/option>\n                <option value=\"10\">10 Hu\u00e9spedes<\/option>\n            <\/select>\n        <\/div>\n\n        <div class=\"form-group grupo-fecha-inicio\">\n            <label>Desde el:<\/label>\n            <input type=\"text\" class=\"form-control datepicker\" id=\"fechaInicio\" value=\"3 de April 2026\" readonly>\n        <\/div>\n\n        <div class=\"form-group grupo-fecha-fin\">\n            <label>Hasta el:<\/label>\n            <input type=\"text\" class=\"form-control datepicker\" id=\"fechaFin\" placeholder=\"Seleccionar fecha\" readonly>\n        <\/div>\n\n        <button type=\"submit\" id=\"consultar\" class=\"btn\">Consultar Disponibilidad<\/button>\n    <\/form>\n\n    <script>\n    jQuery(document).ready(function($) {\n        console.log('Formulario de reservaciones inicializado');\n\n        $('.datepicker').flatpickr({\n            dateFormat: \"j \\\\de F Y\", \n            locale: \"es\",\n            allowInput: false,\n            disableMobile: true,\n            onChange: function(selectedDates, dateStr, instance) {\n                console.log('Fecha seleccionada:', dateStr);\n            }\n        });\n\n        $('#reservacion-form').on('submit', function(e) {\n            e.preventDefault();\n            window.location.href = 'https:\/\/desarrollo.stoic-media.com\/dominion\/gracias\/';\n        });\n\n        $('#submitBtn').attr('id', 'enviarReservacion');\n\n        $('#reservacion-form').on('submit', function(e) {\n            e.preventDefault();\n            console.log('Formulario enviado');\n            console.log('Hu\u00e9spedes:', $('#numHuespedes').val());\n            console.log('Fecha inicio:', $('#fechaInicio').val());\n            console.log('Fecha fin:', $('#fechaFin').val());\n        });\n    });\n    <\/script>\n    <\/div>\n\t\t\t\t\t\t<\/div>\n\t\t\t\t<\/div>\n\t\t\t\t\t<\/div>\n\t\t\t\t<\/div>\n\t\t<div class=\"elementor-element elementor-element-ae1e655 blanca e-flex e-con-boxed e-con e-parent\" data-id=\"ae1e655\" data-element_type=\"container\" id=\"nosotros\" data-settings=\"{&quot;background_background&quot;:&quot;classic&quot;,&quot;jet_parallax_layout_list&quot;:[]}\">\n\t\t\t\t\t<div class=\"e-con-inner\">\n\t\t\t\t<div class=\"elementor-element elementor-element-b3dfb3a elementor-invisible elementor-widget elementor-widget-heading\" data-id=\"b3dfb3a\" data-element_type=\"widget\" data-settings=\"{&quot;_animation&quot;:&quot;fadeInDown&quot;,&quot;_animation_delay&quot;:100}\" data-widget_type=\"heading.default\">\n\t\t\t\t<div class=\"elementor-widget-container\">\n\t\t\t\t\t<h2 class=\"elementor-heading-title elementor-size-default\">Tan seguro como en casa<\/h2>\t\t\t\t<\/div>\n\t\t\t\t<\/div>\n\t\t\t\t<div class=\"elementor-element elementor-element-79d2793 elementor-invisible elementor-widget elementor-widget-heading\" data-id=\"79d2793\" data-element_type=\"widget\" data-settings=\"{&quot;_animation&quot;:&quot;fadeInDown&quot;,&quot;_animation_delay&quot;:100}\" data-widget_type=\"heading.default\">\n\t\t\t\t<div class=\"elementor-widget-container\">\n\t\t\t\t\t<h3 class=\"elementor-heading-title elementor-size-default\">Soluciones de vivienda a corto y largo plazo.<\/h3>\t\t\t\t<\/div>\n\t\t\t\t<\/div>\n\t\t\t\t<div class=\"elementor-element elementor-element-9bfa126 elementor-widget elementor-widget-text-editor\" data-id=\"9bfa126\" data-element_type=\"widget\" data-widget_type=\"text-editor.default\">\n\t\t\t\t<div class=\"elementor-widget-container\">\n\t\t\t\t\t\t\t\t\t<p>El lugar perfecto para tu viaje a M\u00e9xico, algunas ciudades de Estados Unidos &amp; Canad\u00e1 con una variedad de estudios, apartamentos con servicio de uno, dos y tres dormitorios para su estad\u00eda a corto o largo plazo.<\/p>\t\t\t\t\t\t\t\t<\/div>\n\t\t\t\t<\/div>\n\t\t\t\t<div class=\"elementor-element elementor-element-c7dbe5a elementor-widget elementor-widget-image\" data-id=\"c7dbe5a\" data-element_type=\"widget\" data-widget_type=\"image.default\">\n\t\t\t\t<div class=\"elementor-widget-container\">\n\t\t\t\t\t\t\t\t\t\t\t\t\t\t\t<img decoding=\"async\" width=\"68\" height=\"76\" src=\"https:\/\/desarrollo.stoic-media.com\/dominion\/wp-content\/uploads\/2024\/11\/icon.png\" class=\"attachment-large size-large wp-image-357\" alt=\"\" \/>\t\t\t\t\t\t\t\t\t\t\t\t\t\t\t<\/div>\n\t\t\t\t<\/div>\n\t\t\t\t\t<\/div>\n\t\t\t\t<\/div>\n\t\t<div class=\"elementor-element elementor-element-bdcd669 blanca e-flex e-con-boxed e-con e-parent\" data-id=\"bdcd669\" data-element_type=\"container\" data-settings=\"{&quot;jet_parallax_layout_list&quot;:[]}\">\n\t\t\t\t\t<div class=\"e-con-inner\">\n\t\t<div class=\"elementor-element elementor-element-8c5372a e-con-full e-flex e-con e-child\" data-id=\"8c5372a\" data-element_type=\"container\" data-settings=\"{&quot;jet_parallax_layout_list&quot;:[]}\">\n\t\t\t\t<div class=\"elementor-element elementor-element-65d3f2a elementor-invisible elementor-widget elementor-widget-heading\" data-id=\"65d3f2a\" data-element_type=\"widget\" data-settings=\"{&quot;_animation&quot;:&quot;fadeInDown&quot;,&quot;_animation_delay&quot;:100}\" data-widget_type=\"heading.default\">\n\t\t\t\t<div class=\"elementor-widget-container\">\n\t\t\t\t\t<h1 class=\"elementor-heading-title elementor-size-default\">Nuestros servicios<\/h1>\t\t\t\t<\/div>\n\t\t\t\t<\/div>\n\t\t\t\t<\/div>\n\t\t\t\t\t<\/div>\n\t\t\t\t<\/div>\n\t\t<div class=\"elementor-element elementor-element-9ca79e1 e-flex e-con-boxed e-con e-parent\" data-id=\"9ca79e1\" data-element_type=\"container\" data-settings=\"{&quot;jet_parallax_layout_list&quot;:[]}\">\n\t\t\t\t\t<div class=\"e-con-inner\">\n\t\t<div class=\"elementor-element elementor-element-c07c3e8 e-con-full e-flex e-con e-child\" data-id=\"c07c3e8\" data-element_type=\"container\" data-settings=\"{&quot;jet_parallax_layout_list&quot;:[]}\">\n\t\t\t\t<div class=\"elementor-element elementor-element-147c4e7 elementor-widget elementor-widget-text-editor\" data-id=\"147c4e7\" data-element_type=\"widget\" data-widget_type=\"text-editor.default\">\n\t\t\t\t<div class=\"elementor-widget-container\">\n\t\t\t\t\t\t\t\t\t<p><strong>B\u00fasqueda personalizada de tu nuevo hogar<\/strong>: <br \/>Encontramos la casa perfecta para ti, adaptada a tu estilo de vida, ubicaci\u00f3n deseada y presupuesto.<\/p><p><strong>Asesor\u00eda completa en tu proceso de mudanza:<\/strong> <br \/>Desde antes de tu llegada, te guiamos paso a paso para que tu traslado sea tranquilo y sin estr\u00e9s.<\/p><p><strong>Apoyo en tr\u00e1mites locales:<\/strong> <br \/>Te ayudamos con la apertura de cuentas bancarias, registros, seguros y todo lo necesario para que te instales sin complicaciones.<\/p><p><strong>Orientaci\u00f3n educativa:<\/strong> <br \/>Te acompa\u00f1amos en la elecci\u00f3n de escuelas y guarder\u00edas, asegur\u00e1ndonos de que tu familia se sienta bienvenida desde el primer d\u00eda.<\/p><p><strong>Introducci\u00f3n a tu nuevo entorno:<\/strong> <br \/>Te mostramos tu nuevo vecindario: supermercados, hospitales, restaurantes, gimnasios y todo lo que har\u00e1 que te sientas como en casa.<\/p><p><strong>Red de apoyo social:<\/strong> <br \/>Te conectamos con comunidades y eventos locales para que empieces a construir amistades y relaciones en tu nuevo destino.<\/p><p><strong>Asistencia en movilidad:<\/strong> <br \/>Desde el alquiler de coches hasta la compra de veh\u00edculos, te asesoramos para que moverte sea f\u00e1cil y seguro.<\/p>\t\t\t\t\t\t\t\t<\/div>\n\t\t\t\t<\/div>\n\t\t\t\t<\/div>\n\t\t<div class=\"elementor-element elementor-element-58544a4 e-con-full e-flex e-con e-child\" data-id=\"58544a4\" data-element_type=\"container\" data-settings=\"{&quot;background_background&quot;:&quot;classic&quot;,&quot;jet_parallax_layout_list&quot;:[]}\">\n\t\t\t\t<\/div>\n\t\t\t\t\t<\/div>\n\t\t\t\t<\/div>\n\t\t<div class=\"elementor-element elementor-element-f1a1b9e blanca e-flex e-con-boxed e-con e-parent\" data-id=\"f1a1b9e\" data-element_type=\"container\" data-settings=\"{&quot;jet_parallax_layout_list&quot;:[]}\">\n\t\t\t\t\t<div class=\"e-con-inner\">\n\t\t<div class=\"elementor-element elementor-element-d1abcaa e-con-full e-flex e-con e-child\" data-id=\"d1abcaa\" data-element_type=\"container\" data-settings=\"{&quot;jet_parallax_layout_list&quot;:[]}\">\n\t\t\t\t<div class=\"elementor-element elementor-element-a0672d0 elementor-invisible elementor-widget elementor-widget-heading\" data-id=\"a0672d0\" data-element_type=\"widget\" data-settings=\"{&quot;_animation&quot;:&quot;fadeInDown&quot;,&quot;_animation_delay&quot;:100}\" data-widget_type=\"heading.default\">\n\t\t\t\t<div class=\"elementor-widget-container\">\n\t\t\t\t\t<h1 class=\"elementor-heading-title elementor-size-default\">Propiedades<\/h1>\t\t\t\t<\/div>\n\t\t\t\t<\/div>\n\t\t\t\t<div class=\"elementor-element elementor-element-a8e2dad elementor-widget elementor-widget-heading\" data-id=\"a8e2dad\" data-element_type=\"widget\" data-widget_type=\"heading.default\">\n\t\t\t\t<div class=\"elementor-widget-container\">\n\t\t\t\t\t<p class=\"elementor-heading-title elementor-size-default\"><a href=\"https:\/\/desarrollo.stoic-media.com\/dominion\/ubicaciones\/\">+ Mostrar m\u00e1s propiedades<\/a><\/p>\t\t\t\t<\/div>\n\t\t\t\t<\/div>\n\t\t\t\t<\/div>\n\t\t\t\t\t<\/div>\n\t\t\t\t<\/div>\n\t\t<div class=\"elementor-element elementor-element-9c1b897 e-flex e-con-boxed e-con e-parent\" data-id=\"9c1b897\" data-element_type=\"container\" data-settings=\"{&quot;jet_parallax_layout_list&quot;:[]}\">\n\t\t\t\t\t<div class=\"e-con-inner\">\n\t\t\t\t<div class=\"elementor-element elementor-element-20a43b5 elementor-widget elementor-widget-shortcode\" data-id=\"20a43b5\" data-element_type=\"widget\" data-widget_type=\"shortcode.default\">\n\t\t\t\t<div class=\"elementor-widget-container\">\n\t\t\t\t\t\t\t<div class=\"elementor-shortcode\">        <div id=\"tabs_categorias\" class=\"tabs-container\">\n            <!-- T\u00edtulos de Tabs -->\n            <ul class=\"tab-titles\">\n                                    <li class=\"active\" data-tab=\"tab-16\">\n                        CDMX                    <\/li>\n                                    <li class=\"\" data-tab=\"tab-17\">\n                        Guadalajara                    <\/li>\n                                    <li class=\"\" data-tab=\"tab-18\">\n                        Monterrey                    <\/li>\n                                    <li class=\"\" data-tab=\"tab-84\">\n                        Quer\u00e9taro                    <\/li>\n                            <\/ul>\n\n            <!-- Contenido de Tabs -->\n            <div class=\"tab-contents\">\n                                    <div id=\"tab-16\" class=\"tab-content active\">\n                                                    <div class=\"posts-list\">\n                                                                                                        <div class=\"post-item\">\n                                        <a href=\"https:\/\/desarrollo.stoic-media.com\/dominion\/ubicaciones\/dominion-polanco\/\">\n                                            <div class=\"thumb\" style=\"background-image: url('https:\/\/desarrollo.stoic-media.com\/dominion\/wp-content\/uploads\/2025\/04\/fotogeneral2dapagina1-min-300x200.jpg');\"><\/div>\n\n                                            <h3 class=\"title\">DOMINION Polanco<\/h3>\n                                        <\/a>\n                                    <\/div>\n                                                                                                        <div class=\"post-item\">\n                                        <a href=\"https:\/\/desarrollo.stoic-media.com\/dominion\/ubicaciones\/santa-fe-living-paradox\/\">\n                                            <div class=\"thumb\" style=\"background-image: url('https:\/\/desarrollo.stoic-media.com\/dominion\/wp-content\/uploads\/2025\/04\/carrusel1-min-2-300x200.jpg');\"><\/div>\n\n                                            <h3 class=\"title\">Santa Fe Living Paradox<\/h3>\n                                        <\/a>\n                                    <\/div>\n                                                                                                        <div class=\"post-item\">\n                                        <a href=\"https:\/\/desarrollo.stoic-media.com\/dominion\/ubicaciones\/gran-ciudad-chapultepec-roma\/\">\n                                            <div class=\"thumb\" style=\"background-image: url('https:\/\/desarrollo.stoic-media.com\/dominion\/wp-content\/uploads\/2025\/04\/GRANCIUDADCHAPULTEPEC-min-300x200.jpg');\"><\/div>\n\n                                            <h3 class=\"title\">Gran Ciudad Chapultepec Roma<\/h3>\n                                        <\/a>\n                                    <\/div>\n                                                                                                        <div class=\"post-item\">\n                                        <a href=\"https:\/\/desarrollo.stoic-media.com\/dominion\/ubicaciones\/salamanca-roma-norte\/\">\n                                            <div class=\"thumb\" style=\"background-image: url('https:\/\/desarrollo.stoic-media.com\/dominion\/wp-content\/uploads\/2025\/04\/SALAMANCAROMA-min-300x200.jpg');\"><\/div>\n\n                                            <h3 class=\"title\">Salamanca Roma Norte<\/h3>\n                                        <\/a>\n                                    <\/div>\n                                                                                                        <div class=\"post-item\">\n                                        <a href=\"https:\/\/desarrollo.stoic-media.com\/dominion\/ubicaciones\/pennsylvania-napoles\/\">\n                                            <div class=\"thumb\" style=\"background-image: url('https:\/\/desarrollo.stoic-media.com\/dominion\/wp-content\/uploads\/2025\/04\/PENNSYLVANIA-min-300x200.jpeg');\"><\/div>\n\n                                            <h3 class=\"title\">Pennsylvania N\u00e1poles<\/h3>\n                                        <\/a>\n                                    <\/div>\n                                                                                                        <div class=\"post-item\">\n                                        <a href=\"https:\/\/desarrollo.stoic-media.com\/dominion\/ubicaciones\/mxgran-rio-lerma\/\">\n                                            <div class=\"thumb\" style=\"background-image: url('https:\/\/desarrollo.stoic-media.com\/dominion\/wp-content\/uploads\/2025\/04\/MXGRAN-min-300x200.jpg');\"><\/div>\n\n                                            <h3 class=\"title\">MXGRAN R\u00edo Lerma<\/h3>\n                                        <\/a>\n                                    <\/div>\n                                                                                                        <div class=\"post-item\">\n                                        <a href=\"https:\/\/desarrollo.stoic-media.com\/dominion\/ubicaciones\/casa-mali\/\">\n                                            <div class=\"thumb\" style=\"background-image: url('https:\/\/desarrollo.stoic-media.com\/dominion\/wp-content\/uploads\/2025\/03\/CASAMALI-min-300x200.jpg');\"><\/div>\n\n                                            <h3 class=\"title\">Casa Mali By Dominion<\/h3>\n                                        <\/a>\n                                    <\/div>\n                                                                                                        <div class=\"post-item\">\n                                        <a href=\"https:\/\/desarrollo.stoic-media.com\/dominion\/ubicaciones\/stadia-santa-fe\/\">\n                                            <div class=\"thumb\" style=\"background-image: url('https:\/\/desarrollo.stoic-media.com\/dominion\/wp-content\/uploads\/2025\/03\/STADIA-min-300x200.jpg');\"><\/div>\n\n                                            <h3 class=\"title\">Stadia Suites Santa Fe<\/h3>\n                                        <\/a>\n                                    <\/div>\n                                                            <\/div>\n                                            <\/div>\n                                    <div id=\"tab-17\" class=\"tab-content \">\n                                                    <div class=\"posts-list\">\n                                                                                                        <div class=\"post-item\">\n                                        <a href=\"https:\/\/desarrollo.stoic-media.com\/dominion\/ubicaciones\/park-life-guadalajara\/\">\n                                            <div class=\"thumb\" style=\"background-image: url('https:\/\/desarrollo.stoic-media.com\/dominion\/wp-content\/uploads\/2025\/04\/PARLIFEGDL-min-300x225.jpg');\"><\/div>\n\n                                            <h3 class=\"title\">Park Life Guadalajara<\/h3>\n                                        <\/a>\n                                    <\/div>\n                                                            <\/div>\n                                            <\/div>\n                                    <div id=\"tab-18\" class=\"tab-content \">\n                                                    <div class=\"posts-list\">\n                                                                                                        <div class=\"post-item\">\n                                        <a href=\"https:\/\/desarrollo.stoic-media.com\/dominion\/ubicaciones\/gran-ciudad-nuevo-sur-monterrey\/\">\n                                            <div class=\"thumb\" style=\"background-image: url('https:\/\/desarrollo.stoic-media.com\/dominion\/wp-content\/uploads\/2025\/04\/GRANCIUDADMONTERREY-min-300x200.jpg');\"><\/div>\n\n                                            <h3 class=\"title\">Gran Ciudad Nuevo Sur Monterrey<\/h3>\n                                        <\/a>\n                                    <\/div>\n                                                            <\/div>\n                                            <\/div>\n                                    <div id=\"tab-84\" class=\"tab-content \">\n                                                    <div class=\"posts-list\">\n                                                                                                        <div class=\"post-item\">\n                                        <a href=\"https:\/\/desarrollo.stoic-media.com\/dominion\/ubicaciones\/park-life-centro-sur\/\">\n                                            <div class=\"thumb\" style=\"background-image: url('https:\/\/desarrollo.stoic-media.com\/dominion\/wp-content\/uploads\/2025\/04\/PARKLIFECENTROSURQUERETARO-min-300x200.jpg');\"><\/div>\n\n                                            <h3 class=\"title\">Park Life Centro Sur<\/h3>\n                                        <\/a>\n                                    <\/div>\n                                                            <\/div>\n                                            <\/div>\n                            <\/div>\n        <\/div>\n\n        <!-- Estilos y scripts dentro del shortcode -->\n        <style>\n            .tabs-container { margin: 20px 0; }\n            .tab-titles { list-style: none; display: flex; gap: 10px; cursor: pointer; padding: 0; }\n            .tab-titles li { padding: 10px 15px 10px 19px;  border-radius: 5px; transition: all 0.45s ease;}\n            .tab-titles li.active { font-weight: bold; text-decoration: underline;   margin-bottom: 2rem; transform: scale(1.05); padding: 10px 15px 10px 15px;}\n            .tab-content { display: none; margin-top: 20px; }\n            .tab-content.active { display: block; }\n            .posts-list { display: flex; flex-wrap: wrap; gap: 15px; }\n            .post-item { width: 200px; text-align: center; }\n            .thumb img { width: 100%; height: auto; border-radius: 8px; }\n            .title { margin-top: 10px; font-size: 1rem; }\n        <\/style>\n\n        <script>\n            document.addEventListener('DOMContentLoaded', function () {\n                const tabTitles = document.querySelectorAll('.tab-titles li');\n                const tabContents = document.querySelectorAll('.tab-content');\n\n                tabTitles.forEach(title => {\n                    title.addEventListener('click', () => {\n                        tabTitles.forEach(t => t.classList.remove('active'));\n                        title.classList.add('active');\n\n                        const tabId = title.getAttribute('data-tab');\n                        tabContents.forEach(c => {\n                            c.classList.remove('active');\n                            if (c.id === tabId) {\n                                c.classList.add('active');\n                            }\n                        });\n                    });\n                });\n            });\n        <\/script>\n\n    \n<\/div>\n\t\t\t\t\t\t<\/div>\n\t\t\t\t<\/div>\n\t\t\t\t\t<\/div>\n\t\t\t\t<\/div>\n\t\t\t\t<\/div>\n\t\t","protected":false},"excerpt":{"rendered":"<p>Discover Sophisticated Confort Tan seguro como en casa Soluciones de vivienda a corto y largo plazo. El lugar perfecto para tu viaje a M\u00e9xico, algunas ciudades de Estados Unidos &amp; Canad\u00e1 con una variedad de estudios, apartamentos con servicio de uno, dos y tres dormitorios para su estad\u00eda a corto o largo plazo. Nuestros servicios [&hellip;]<\/p>\n","protected":false},"author":1,"featured_media":0,"parent":0,"menu_order":0,"comment_status":"closed","ping_status":"closed","template":"","meta":{"footnotes":""},"class_list":["post-8","page","type-page","status-publish","hentry"],"_links":{"self":[{"href":"https:\/\/desarrollo.stoic-media.com\/dominion\/wp-json\/wp\/v2\/pages\/8","targetHints":{"allow":["GET"]}}],"collection":[{"href":"https:\/\/desarrollo.stoic-media.com\/dominion\/wp-json\/wp\/v2\/pages"}],"about":[{"href":"https:\/\/desarrollo.stoic-media.com\/dominion\/wp-json\/wp\/v2\/types\/page"}],"author":[{"embeddable":true,"href":"https:\/\/desarrollo.stoic-media.com\/dominion\/wp-json\/wp\/v2\/users\/1"}],"replies":[{"embeddable":true,"href":"https:\/\/desarrollo.stoic-media.com\/dominion\/wp-json\/wp\/v2\/comments?post=8"}],"version-history":[{"count":190,"href":"https:\/\/desarrollo.stoic-media.com\/dominion\/wp-json\/wp\/v2\/pages\/8\/revisions"}],"predecessor-version":[{"id":1232,"href":"https:\/\/desarrollo.stoic-media.com\/dominion\/wp-json\/wp\/v2\/pages\/8\/revisions\/1232"}],"wp:attachment":[{"href":"https:\/\/desarrollo.stoic-media.com\/dominion\/wp-json\/wp\/v2\/media?parent=8"}],"curies":[{"name":"wp","href":"https:\/\/api.w.org\/{rel}","templated":true}]}}