{"id":1261,"date":"2025-04-16T15:55:42","date_gmt":"2025-04-16T15:55:42","guid":{"rendered":"https:\/\/desarrollo.stoic-media.com\/dominion\/?page_id=1261"},"modified":"2025-04-16T18:12:01","modified_gmt":"2025-04-16T18:12:01","slug":"locations","status":"publish","type":"page","link":"https:\/\/desarrollo.stoic-media.com\/dominion\/en\/locations\/","title":{"rendered":"Locations"},"content":{"rendered":"\t\t<div data-elementor-type=\"wp-page\" data-elementor-id=\"1261\" class=\"elementor elementor-1261\" data-elementor-post-type=\"page\">\n\t\t\t\t<div class=\"elementor-element elementor-element-9731c9a blanca e-flex e-con-boxed e-con e-parent\" data-id=\"9731c9a\" data-element_type=\"container\" data-settings=\"{&quot;jet_parallax_layout_list&quot;:[]}\">\n\t\t\t\t\t<div class=\"e-con-inner\">\n\t\t<div class=\"elementor-element elementor-element-f795b12 e-con-full e-flex e-con e-child\" data-id=\"f795b12\" data-element_type=\"container\" data-settings=\"{&quot;jet_parallax_layout_list&quot;:[]}\">\n\t\t\t\t<div class=\"elementor-element elementor-element-38640cb elementor-widget__width-initial elementor-invisible elementor-widget elementor-widget-heading\" data-id=\"38640cb\" data-element_type=\"widget\" data-settings=\"{&quot;_animation&quot;:&quot;fadeInDown&quot;,&quot;_animation_delay&quot;:100}\" data-widget_type=\"heading.default\">\n\t\t\t\t<div class=\"elementor-widget-container\">\n\t\t\t\t\t<h1 class=\"elementor-heading-title elementor-size-default\">Locations<\/h1>\t\t\t\t<\/div>\n\t\t\t\t<\/div>\n\t\t\t\t<div class=\"elementor-element elementor-element-6638d95 elementor-widget elementor-widget-heading\" data-id=\"6638d95\" data-element_type=\"widget\" data-widget_type=\"heading.default\">\n\t\t\t\t<div class=\"elementor-widget-container\">\n\t\t\t\t\t<p class=\"elementor-heading-title elementor-size-default\">If you don\u2019t see the location you\u2019re looking for, please  <a href=\"https:\/\/desarrollo.stoic-media.com\/dominion\/contacto\" style=\"font-weight: 600; text-decoration: underline;\">contact<\/a> one of our advisors \u2014 we\u2019ll be happy to help you.<\/p>\t\t\t\t<\/div>\n\t\t\t\t<\/div>\n\t\t\t\t<\/div>\n\t\t\t\t\t<\/div>\n\t\t\t\t<\/div>\n\t\t<div class=\"elementor-element elementor-element-73c30f7 blanca e-flex e-con-boxed e-con e-parent\" data-id=\"73c30f7\" data-element_type=\"container\" data-settings=\"{&quot;jet_parallax_layout_list&quot;:[]}\">\n\t\t\t\t\t<div class=\"e-con-inner\">\n\t\t\t\t<div class=\"elementor-element elementor-element-607e917 elementor-widget elementor-widget-shortcode\" data-id=\"607e917\" data-element_type=\"widget\" data-widget_type=\"shortcode.default\">\n\t\t\t\t<div class=\"elementor-widget-container\">\n\t\t\t\t\t\t\t<div class=\"elementor-shortcode\"><div id=\"ubicaciones_mapa\"><div class=\"ubicaciones__area-location\"><div class=\"ubicaciones__col ubicaciones__col--left\"><h3 \n                    class=\"ubicaciones__area-title\" \n                    data-coordenadas=\"19.3813015,-99.2362117\" \n                    data-zoom=\"11\"\n                >CDMX<\/h3><ul class=\"ubicaciones__list\"><li class=\"ubicaciones__item\" \n                        data-ubicacion=\"Aristoteles 21, Polanco 11560, mexico City\"\n                        data-coordenadas=\"19.4287809,-99.1937143\"\n                        data-url=\"https:\/\/desarrollo.stoic-media.com\/dominion\/ubicaciones\/dominion-polanco\/\"\n                        data-imagen=\"https:\/\/desarrollo.stoic-media.com\/dominion\/wp-content\/uploads\/2025\/04\/fotogeneral2dapagina1-min-300x200.jpg\"\n                    ><a href=\"https:\/\/desarrollo.stoic-media.com\/dominion\/ubicaciones\/dominion-polanco\/\" class=\"ubicaciones__item-link\">DOMINION Polanco<\/a><\/li><li class=\"ubicaciones__item\" \n                        data-ubicacion=\"Av. Santa Fe 546, Lomas de Santa Fe, 01219, Mexico City\"\n                        data-coordenadas=\"19.3568031,-99.2742706\"\n                        data-url=\"https:\/\/desarrollo.stoic-media.com\/dominion\/ubicaciones\/santa-fe-living-paradox\/\"\n                        data-imagen=\"https:\/\/desarrollo.stoic-media.com\/dominion\/wp-content\/uploads\/2025\/04\/carrusel1-min-2-300x200.jpg\"\n                    ><a href=\"https:\/\/desarrollo.stoic-media.com\/dominion\/ubicaciones\/santa-fe-living-paradox\/\" class=\"ubicaciones__item-link\">Santa Fe Living Paradox<\/a><\/li><li class=\"ubicaciones__item\" \n                        data-ubicacion=\"Tampico 10, 06700, Roma Norte, Mexico City\"\n                        data-coordenadas=\"19.4207107,-99.1750185\"\n                        data-url=\"https:\/\/desarrollo.stoic-media.com\/dominion\/ubicaciones\/gran-ciudad-chapultepec-roma\/\"\n                        data-imagen=\"https:\/\/desarrollo.stoic-media.com\/dominion\/wp-content\/uploads\/2025\/04\/GRANCIUDADCHAPULTEPEC-min-300x200.jpg\"\n                    ><a href=\"https:\/\/desarrollo.stoic-media.com\/dominion\/ubicaciones\/gran-ciudad-chapultepec-roma\/\" class=\"ubicaciones__item-link\">Gran Ciudad Chapultepec Roma<\/a><\/li><li class=\"ubicaciones__item\" \n                        data-ubicacion=\"Salamanca 11, Colonia Roma Norte, 06700, Mexico City\"\n                        data-coordenadas=\"19.4214571,-99.1704113\"\n                        data-url=\"https:\/\/desarrollo.stoic-media.com\/dominion\/ubicaciones\/salamanca-roma-norte\/\"\n                        data-imagen=\"https:\/\/desarrollo.stoic-media.com\/dominion\/wp-content\/uploads\/2025\/04\/SALAMANCAROMA-min-300x200.jpg\"\n                    ><a href=\"https:\/\/desarrollo.stoic-media.com\/dominion\/ubicaciones\/salamanca-roma-norte\/\" class=\"ubicaciones__item-link\">Salamanca Roma Norte<\/a><\/li><li class=\"ubicaciones__item\" \n                        data-ubicacion=\"Pensilvania 127, colonia Napoles 03810, Ciudad de M\u00e9xico\"\n                        data-coordenadas=\"19.3904526,-99.1787742\"\n                        data-url=\"https:\/\/desarrollo.stoic-media.com\/dominion\/ubicaciones\/pennsylvania-napoles\/\"\n                        data-imagen=\"https:\/\/desarrollo.stoic-media.com\/dominion\/wp-content\/uploads\/2025\/04\/PENNSYLVANIA-min-300x200.jpeg\"\n                    ><a href=\"https:\/\/desarrollo.stoic-media.com\/dominion\/ubicaciones\/pennsylvania-napoles\/\" class=\"ubicaciones__item-link\">Pennsylvania N\u00e1poles<\/a><\/li><li class=\"ubicaciones__item\" \n                        data-ubicacion=\"Rio Lerma 275, Colonia Cuauht\u00e9moc, 06500, CIUDAD DE MEXICO\"\n                        data-coordenadas=\"19.426418,-99.1735531\"\n                        data-url=\"https:\/\/desarrollo.stoic-media.com\/dominion\/ubicaciones\/mxgran-rio-lerma\/\"\n                        data-imagen=\"https:\/\/desarrollo.stoic-media.com\/dominion\/wp-content\/uploads\/2025\/04\/MXGRAN-min-300x200.jpg\"\n                    ><a href=\"https:\/\/desarrollo.stoic-media.com\/dominion\/ubicaciones\/mxgran-rio-lerma\/\" class=\"ubicaciones__item-link\">MXGRAN R\u00edo Lerma<\/a><\/li><li class=\"ubicaciones__item\" \n                        data-ubicacion=\"Av M\u00e9xico 107, Hip\u00f3dromo, Cuauht\u00e9moc, 06100 Ciudad de M\u00e9xico, CDMX\"\n                        data-coordenadas=\"19.4101928,-99.1727133\"\n                        data-url=\"https:\/\/desarrollo.stoic-media.com\/dominion\/ubicaciones\/casa-mali\/\"\n                        data-imagen=\"https:\/\/desarrollo.stoic-media.com\/dominion\/wp-content\/uploads\/2025\/03\/CASAMALI-min-300x200.jpg\"\n                    ><a href=\"https:\/\/desarrollo.stoic-media.com\/dominion\/ubicaciones\/casa-mali\/\" class=\"ubicaciones__item-link\">Casa Mali By Dominion<\/a><\/li><li class=\"ubicaciones__item\" \n                        data-ubicacion=\"Juan Salvador Agraz 60, Lomas de Santa Fe, 05348, Mexico City\"\n                        data-coordenadas=\"19.3589517,-99.2775235\"\n                        data-url=\"https:\/\/desarrollo.stoic-media.com\/dominion\/ubicaciones\/stadia-santa-fe\/\"\n                        data-imagen=\"https:\/\/desarrollo.stoic-media.com\/dominion\/wp-content\/uploads\/2025\/03\/STADIA-min-300x200.jpg\"\n                    ><a href=\"https:\/\/desarrollo.stoic-media.com\/dominion\/ubicaciones\/stadia-santa-fe\/\" class=\"ubicaciones__item-link\">Stadia Suites Santa Fe<\/a><\/li><\/ul><\/div><div class=\"ubicaciones__col ubicaciones__col--right\"><div \n                    class=\"ubicaciones__map-placeholder\" \n                    data-categoria-id=\"16\" \n                    style=\"width: 100%; height: 400px;\"\n                ><\/div><\/div><\/div><div class=\"ubicaciones__area-location\"><div class=\"ubicaciones__col ubicaciones__col--left\"><h3 \n                    class=\"ubicaciones__area-title\" \n                    data-coordenadas=\"20.676222,-103.4012873\" \n                    data-zoom=\"12\"\n                >Guadalajara<\/h3><ul class=\"ubicaciones__list\"><li class=\"ubicaciones__item\" \n                        data-ubicacion=\"Diagonal San Jorge 75, 44690 Guadalajara, Mexico\"\n                        data-coordenadas=\"20.676222,-103.4012873\"\n                        data-url=\"https:\/\/desarrollo.stoic-media.com\/dominion\/ubicaciones\/park-life-guadalajara\/\"\n                        data-imagen=\"https:\/\/desarrollo.stoic-media.com\/dominion\/wp-content\/uploads\/2025\/04\/PARLIFEGDL-min-300x225.jpg\"\n                    ><a href=\"https:\/\/desarrollo.stoic-media.com\/dominion\/ubicaciones\/park-life-guadalajara\/\" class=\"ubicaciones__item-link\">Park Life Guadalajara<\/a><\/li><\/ul><\/div><div class=\"ubicaciones__col ubicaciones__col--right\"><div \n                    class=\"ubicaciones__map-placeholder\" \n                    data-categoria-id=\"17\" \n                    style=\"width: 100%; height: 400px;\"\n                ><\/div><\/div><\/div><div class=\"ubicaciones__area-location\"><div class=\"ubicaciones__col ubicaciones__col--left\"><h3 \n                    class=\"ubicaciones__area-title\" \n                    data-coordenadas=\"25.6527406,-100.2746089\" \n                    data-zoom=\"12\"\n                >Monterrey<\/h3><ul class=\"ubicaciones__list\"><li class=\"ubicaciones__item\" \n                        data-ubicacion=\"Avenida Revolucion 2703, Torre 5, Ladrillera, 64830 Monterrey Nuevo Leon\"\n                        data-coordenadas=\"25.6527406,-100.2746089\"\n                        data-url=\"https:\/\/desarrollo.stoic-media.com\/dominion\/ubicaciones\/gran-ciudad-nuevo-sur-monterrey\/\"\n                        data-imagen=\"https:\/\/desarrollo.stoic-media.com\/dominion\/wp-content\/uploads\/2025\/04\/GRANCIUDADMONTERREY-min-300x200.jpg\"\n                    ><a href=\"https:\/\/desarrollo.stoic-media.com\/dominion\/ubicaciones\/gran-ciudad-nuevo-sur-monterrey\/\" class=\"ubicaciones__item-link\">Gran Ciudad Nuevo Sur Monterrey<\/a><\/li><\/ul><\/div><div class=\"ubicaciones__col ubicaciones__col--right\"><div \n                    class=\"ubicaciones__map-placeholder\" \n                    data-categoria-id=\"18\" \n                    style=\"width: 100%; height: 400px;\"\n                ><\/div><\/div><\/div><div class=\"ubicaciones__area-location\"><div class=\"ubicaciones__col ubicaciones__col--left\"><h3 \n                    class=\"ubicaciones__area-title\" \n                    data-coordenadas=\"20.560195,-100.3599351\" \n                    data-zoom=\"12\"\n                >Quer\u00e9taro<\/h3><ul class=\"ubicaciones__list\"><li class=\"ubicaciones__item\" \n                        data-ubicacion=\"Av. Lic. Manuel G\u00f3mez Morin 3960-0, 76090, Centro Sur, Quer\u00e9taro, MEXICO\"\n                        data-coordenadas=\"20.560195,-100.3599351\"\n                        data-url=\"https:\/\/desarrollo.stoic-media.com\/dominion\/ubicaciones\/park-life-centro-sur\/\"\n                        data-imagen=\"https:\/\/desarrollo.stoic-media.com\/dominion\/wp-content\/uploads\/2025\/04\/PARKLIFECENTROSURQUERETARO-min-300x200.jpg\"\n                    ><a href=\"https:\/\/desarrollo.stoic-media.com\/dominion\/ubicaciones\/park-life-centro-sur\/\" class=\"ubicaciones__item-link\">Park Life Centro Sur<\/a><\/li><\/ul><\/div><div class=\"ubicaciones__col ubicaciones__col--right\"><div \n                    class=\"ubicaciones__map-placeholder\" \n                    data-categoria-id=\"84\" \n                    style=\"width: 100%; height: 400px;\"\n                ><\/div><\/div><\/div><\/div>\n<\/div>\n\t\t\t\t\t\t<\/div>\n\t\t\t\t<\/div>\n\t\t\t\t\t<\/div>\n\t\t\t\t<\/div>\n\t\t\t\t<\/div>\n\t\t","protected":false},"excerpt":{"rendered":"<p>Locations If you don\u2019t see the location you\u2019re looking for, please contact one of our advisors \u2014 we\u2019ll be happy to help you.<\/p>\n","protected":false},"author":1,"featured_media":0,"parent":1241,"menu_order":0,"comment_status":"closed","ping_status":"closed","template":"","meta":{"footnotes":""},"class_list":["post-1261","page","type-page","status-publish","hentry"],"_links":{"self":[{"href":"https:\/\/desarrollo.stoic-media.com\/dominion\/wp-json\/wp\/v2\/pages\/1261","targetHints":{"allow":["GET"]}}],"collection":[{"href":"https:\/\/desarrollo.stoic-media.com\/dominion\/wp-json\/wp\/v2\/pages"}],"about":[{"href":"https:\/\/desarrollo.stoic-media.com\/dominion\/wp-json\/wp\/v2\/types\/page"}],"author":[{"embeddable":true,"href":"https:\/\/desarrollo.stoic-media.com\/dominion\/wp-json\/wp\/v2\/users\/1"}],"replies":[{"embeddable":true,"href":"https:\/\/desarrollo.stoic-media.com\/dominion\/wp-json\/wp\/v2\/comments?post=1261"}],"version-history":[{"count":10,"href":"https:\/\/desarrollo.stoic-media.com\/dominion\/wp-json\/wp\/v2\/pages\/1261\/revisions"}],"predecessor-version":[{"id":1312,"href":"https:\/\/desarrollo.stoic-media.com\/dominion\/wp-json\/wp\/v2\/pages\/1261\/revisions\/1312"}],"up":[{"embeddable":true,"href":"https:\/\/desarrollo.stoic-media.com\/dominion\/wp-json\/wp\/v2\/pages\/1241"}],"wp:attachment":[{"href":"https:\/\/desarrollo.stoic-media.com\/dominion\/wp-json\/wp\/v2\/media?parent=1261"}],"curies":[{"name":"wp","href":"https:\/\/api.w.org\/{rel}","templated":true}]}}